{"id":4400,"date":"2021-10-12T15:51:09","date_gmt":"2021-10-12T15:51:09","guid":{"rendered":"http:\/\/dummy.xtemos.com\/woodmart2\/elementor\/?page_id=4400"},"modified":"2025-06-19T12:33:32","modified_gmt":"2025-06-19T12:33:32","slug":"about-us","status":"publish","type":"page","link":"https:\/\/jadem.co\/en\/about-us\/","title":{"rendered":"About Us"},"content":{"rendered":"<div data-elementor-type=\"wp-page\" data-elementor-id=\"4400\" class=\"elementor elementor-4400\">\n\t\t\t\t<div class=\"wd-negative-gap elementor-element elementor-element-7c7c544 e-flex e-con-boxed e-con e-parent\" data-id=\"7c7c544\" data-element_type=\"container\" data-e-type=\"container\">\n\t\t\t\t\t<div class=\"e-con-inner\">\n\t\t<div class=\"elementor-element elementor-element-e7cb5cd e-con-full e-flex e-con e-child\" data-id=\"e7cb5cd\" data-element_type=\"container\" data-e-type=\"container\">\n\t\t\t\t<div class=\"elementor-element elementor-element-9768e5e elementor-widget elementor-widget-image\" data-id=\"9768e5e\" data-element_type=\"widget\" data-e-type=\"widget\" data-widget_type=\"image.default\">\n\t\t\t\t<div class=\"elementor-widget-container\">\n\t\t\t\t\t\t\t\t\t\t\t\t\t\t\t<img fetchpriority=\"high\" decoding=\"async\" width=\"600\" height=\"800\" src=\"https:\/\/jadem.co\/wp-content\/uploads\/2025\/06\/7a26acb2-c34d-4aef-88f9-9ec0905bd2d4-600x800.jpg\" class=\"attachment-large size-large wp-image-27933\" alt=\"\" srcset=\"https:\/\/jadem.co\/wp-content\/uploads\/2025\/06\/7a26acb2-c34d-4aef-88f9-9ec0905bd2d4-600x800.jpg 600w, https:\/\/jadem.co\/wp-content\/uploads\/2025\/06\/7a26acb2-c34d-4aef-88f9-9ec0905bd2d4-150x200.jpg 150w, https:\/\/jadem.co\/wp-content\/uploads\/2025\/06\/7a26acb2-c34d-4aef-88f9-9ec0905bd2d4-700x933.jpg 700w, https:\/\/jadem.co\/wp-content\/uploads\/2025\/06\/7a26acb2-c34d-4aef-88f9-9ec0905bd2d4-225x300.jpg 225w, https:\/\/jadem.co\/wp-content\/uploads\/2025\/06\/7a26acb2-c34d-4aef-88f9-9ec0905bd2d4.jpg 768w\" sizes=\"(max-width: 600px) 100vw, 600px\" \/>\t\t\t\t\t\t\t\t\t\t\t\t\t\t\t<\/div>\n\t\t\t\t<\/div>\n\t\t\t\t<\/div>\n\t\t<div class=\"elementor-element elementor-element-97d6084 e-con-full e-flex e-con e-child\" data-id=\"97d6084\" data-element_type=\"container\" data-e-type=\"container\">\n\t\t\t\t<div class=\"elementor-element elementor-element-98d830b wd-width-100 elementor-widget elementor-widget-wd_title\" data-id=\"98d830b\" data-element_type=\"widget\" data-e-type=\"widget\" data-widget_type=\"wd_title.default\">\n\t\t\t\t<div class=\"elementor-widget-container\">\n\t\t\t\t\t\t\t<div class=\"title-wrapper wd-set-mb reset-last-child wd-title-color-primary wd-title-style-default wd-title-size-large text-left\">\n\n\t\t\t\n\t\t\t<div class=\"liner-continer\">\n\t\t\t\t<h4 class=\"woodmart-title-container title wd-fontsize-xxl\">Discover Our Story<\/h4> \n\t\t\t\t\t\t\t<\/div>\n\n\t\t\t\t\t<\/div>\n\t\t\t\t\t\t<\/div>\n\t\t\t\t<\/div>\n\t\t\t\t<div class=\"elementor-element elementor-element-66e47ad elementor-widget elementor-widget-wd_text_block\" data-id=\"66e47ad\" data-element_type=\"widget\" data-e-type=\"widget\" data-widget_type=\"wd_text_block.default\">\n\t\t\t\t<div class=\"elementor-widget-container\">\n\t\t\t\t\t\t\t<div class=\"wd-text-block reset-last-child text-left\">\n\t\t\t\n\t\t\t<p>JADE&#039;M was founded by designer Ye\u015fim Ta\u015fdelen in 2019. With its bold lines, unique style and strong stance, JADE&#039;M quickly became not only a fashion brand but also a lifestyle.<\/p><p>Drawing its inspiration from the freedom of individuality, the brand has managed to find its way into the wardrobes of hundreds of people from all over the world, especially in America, South America and Europe, who stand out with their unique stance.<\/p><p>Each collection reflects JADE&#039;M&#039;s timeless elegance and attention to striking details. Not only keeping up with fashion, but also shaping it, JADE&#039;M appeals to stylish souls with its limited-edition capsule collections.<\/p>\n\t\t\t\t\t<\/div>\n\t\t\t\t\t\t<\/div>\n\t\t\t\t<\/div>\n\t\t\t\t<\/div>\n\t\t\t\t\t<\/div>\n\t\t\t\t<\/div>\n\t\t\t\t<\/div>","protected":false},"excerpt":{"rendered":"<p>Hikayemizi Ke\u015ffedin JADE\u2019M, 2019 y\u0131l\u0131nda tasar\u0131mc\u0131 Ye\u015fim Ta\u015fdelen taraf\u0131ndan kuruldu. Cesur \u00e7izgileri, \u00f6zg\u00fcn tarz\u0131 ve g\u00fc\u00e7l\u00fc duru\u015fuyla JADE\u2019M, k\u0131sa s\u00fcrede<\/p>","protected":false},"author":1,"featured_media":0,"parent":0,"menu_order":0,"comment_status":"closed","ping_status":"closed","template":"","meta":{"footnotes":""},"class_list":["post-4400","page","type-page","status-publish","hentry"],"_links":{"self":[{"href":"https:\/\/jadem.co\/en\/wp-json\/wp\/v2\/pages\/4400","targetHints":{"allow":["GET"]}}],"collection":[{"href":"https:\/\/jadem.co\/en\/wp-json\/wp\/v2\/pages"}],"about":[{"href":"https:\/\/jadem.co\/en\/wp-json\/wp\/v2\/types\/page"}],"author":[{"embeddable":true,"href":"https:\/\/jadem.co\/en\/wp-json\/wp\/v2\/users\/1"}],"replies":[{"embeddable":true,"href":"https:\/\/jadem.co\/en\/wp-json\/wp\/v2\/comments?post=4400"}],"version-history":[{"count":24,"href":"https:\/\/jadem.co\/en\/wp-json\/wp\/v2\/pages\/4400\/revisions"}],"predecessor-version":[{"id":28430,"href":"https:\/\/jadem.co\/en\/wp-json\/wp\/v2\/pages\/4400\/revisions\/28430"}],"wp:attachment":[{"href":"https:\/\/jadem.co\/en\/wp-json\/wp\/v2\/media?parent=4400"}],"curies":[{"name":"wp","href":"https:\/\/api.w.org\/{rel}","templated":true}]}}