{"id":27852,"date":"2025-06-17T11:07:27","date_gmt":"2025-06-17T11:07:27","guid":{"rendered":"https:\/\/jadem.co\/?post_type=product&#038;p=27852"},"modified":"2025-06-24T14:19:22","modified_gmt":"2025-06-24T14:19:22","slug":"lily-of-the-valley","status":"publish","type":"product","link":"https:\/\/jadem.co\/en\/product\/lily-of-the-valley\/","title":{"rendered":"Lily of the valley"},"content":{"rendered":"","protected":false},"excerpt":{"rendered":"<p>Dantel astarl\u0131 transparan belden lastikli pantolon mini \u015fort astarl\u0131<\/p>","protected":false},"featured_media":27976,"template":"","meta":[],"product_brand":[76],"product_cat":[75],"product_tag":[],"class_list":{"0":"post-27852","1":"product","2":"type-product","3":"status-publish","4":"has-post-thumbnail","6":"product_brand-shine-like-jade","7":"product_cat-kadin","9":"first","10":"outofstock","11":"taxable","12":"shipping-taxable","13":"purchasable","14":"product-type-variable"},"_links":{"self":[{"href":"https:\/\/jadem.co\/en\/wp-json\/wp\/v2\/product\/27852","targetHints":{"allow":["GET"]}}],"collection":[{"href":"https:\/\/jadem.co\/en\/wp-json\/wp\/v2\/product"}],"about":[{"href":"https:\/\/jadem.co\/en\/wp-json\/wp\/v2\/types\/product"}],"version-history":[{"count":1,"href":"https:\/\/jadem.co\/en\/wp-json\/wp\/v2\/product\/27852\/revisions"}],"predecessor-version":[{"id":27856,"href":"https:\/\/jadem.co\/en\/wp-json\/wp\/v2\/product\/27852\/revisions\/27856"}],"wp:featuredmedia":[{"embeddable":true,"href":"https:\/\/jadem.co\/en\/wp-json\/wp\/v2\/media\/27976"}],"wp:attachment":[{"href":"https:\/\/jadem.co\/en\/wp-json\/wp\/v2\/media?parent=27852"}],"wp:term":[{"taxonomy":"product_brand","embeddable":true,"href":"https:\/\/jadem.co\/en\/wp-json\/wp\/v2\/product_brand?post=27852"},{"taxonomy":"product_cat","embeddable":true,"href":"https:\/\/jadem.co\/en\/wp-json\/wp\/v2\/product_cat?post=27852"},{"taxonomy":"product_tag","embeddable":true,"href":"https:\/\/jadem.co\/en\/wp-json\/wp\/v2\/product_tag?post=27852"}],"curies":[{"name":"wp","href":"https:\/\/api.w.org\/{rel}","templated":true}]}}