{"id":28514,"date":"2025-06-30T11:53:30","date_gmt":"2025-06-30T11:53:30","guid":{"rendered":"https:\/\/jadem.co\/?post_type=product&#038;p=28514"},"modified":"2025-06-30T11:54:39","modified_gmt":"2025-06-30T11:54:39","slug":"mensa","status":"publish","type":"product","link":"https:\/\/jadem.co\/en\/product\/mensa\/","title":{"rendered":"Mensa"},"content":{"rendered":"<p>Astars\u0131z cepsiz etek uzun boy tek kollu yandan ba\u011flamal\u0131 parmaktan ge\u00e7irmeli top tak\u0131m hafif esnek kuma\u015ftan v\u00fcc\u00fcda oturan.<\/p>","protected":false},"excerpt":{"rendered":"<p>Astars\u0131z cepsiz etek uzun boy tek kollu yandan ba\u011flamal\u0131 parmaktan ge\u00e7irmeli top tak\u0131m hafif esnek kuma\u015ftan v\u00fcc\u00fcda oturan.<\/p>","protected":false},"featured_media":28520,"template":"","meta":[],"product_brand":[105],"product_cat":[107,75],"product_tag":[],"class_list":{"0":"post-28514","1":"product","2":"type-product","3":"status-publish","4":"has-post-thumbnail","6":"product_brand-you-are-a-star-s23","7":"product_cat-s-23-you-are-a-star-2","8":"product_cat-kadin","10":"first","11":"outofstock","12":"taxable","13":"shipping-taxable","14":"purchasable","15":"product-type-variable"},"_links":{"self":[{"href":"https:\/\/jadem.co\/en\/wp-json\/wp\/v2\/product\/28514","targetHints":{"allow":["GET"]}}],"collection":[{"href":"https:\/\/jadem.co\/en\/wp-json\/wp\/v2\/product"}],"about":[{"href":"https:\/\/jadem.co\/en\/wp-json\/wp\/v2\/types\/product"}],"version-history":[{"count":1,"href":"https:\/\/jadem.co\/en\/wp-json\/wp\/v2\/product\/28514\/revisions"}],"predecessor-version":[{"id":28523,"href":"https:\/\/jadem.co\/en\/wp-json\/wp\/v2\/product\/28514\/revisions\/28523"}],"wp:featuredmedia":[{"embeddable":true,"href":"https:\/\/jadem.co\/en\/wp-json\/wp\/v2\/media\/28520"}],"wp:attachment":[{"href":"https:\/\/jadem.co\/en\/wp-json\/wp\/v2\/media?parent=28514"}],"wp:term":[{"taxonomy":"product_brand","embeddable":true,"href":"https:\/\/jadem.co\/en\/wp-json\/wp\/v2\/product_brand?post=28514"},{"taxonomy":"product_cat","embeddable":true,"href":"https:\/\/jadem.co\/en\/wp-json\/wp\/v2\/product_cat?post=28514"},{"taxonomy":"product_tag","embeddable":true,"href":"https:\/\/jadem.co\/en\/wp-json\/wp\/v2\/product_tag?post=28514"}],"curies":[{"name":"wp","href":"https:\/\/api.w.org\/{rel}","templated":true}]}}