{"id":28537,"date":"2025-06-30T12:12:43","date_gmt":"2025-06-30T12:12:43","guid":{"rendered":"https:\/\/jadem.co\/?post_type=product&#038;p=28537"},"modified":"2025-06-30T12:12:43","modified_gmt":"2025-06-30T12:12:43","slug":"orion","status":"publish","type":"product","link":"https:\/\/jadem.co\/en\/product\/orion\/","title":{"rendered":"Orion"},"content":{"rendered":"<p>S\u0131rt\u0131 a\u00e7\u0131k super mini omuzdan ge\u00e7irmeli \u00f6n\u00fcnde yuvarlak cep dekolteli elbise astars\u0131zd\u0131r payetler dantelin \u00fczerine el i\u015fcili\u011fi ile dikilmi\u015ftir.<\/p>","protected":false},"excerpt":{"rendered":"<p>S\u0131rt\u0131 a\u00e7\u0131k super mini omuzdan ge\u00e7irmeli \u00f6n\u00fcnde yuvarlak cep dekolteli elbise astars\u0131zd\u0131r payetler dantelin \u00fczerine el i\u015fcili\u011fi ile dikilmi\u015ftir.<\/p>","protected":false},"featured_media":28540,"template":"","meta":[],"product_brand":[105],"product_cat":[107],"product_tag":[],"class_list":{"0":"post-28537","1":"product","2":"type-product","3":"status-publish","4":"has-post-thumbnail","6":"product_brand-you-are-a-star-s23","7":"product_cat-s-23-you-are-a-star-2","9":"first","10":"outofstock","11":"taxable","12":"shipping-taxable","13":"purchasable","14":"product-type-variable"},"_links":{"self":[{"href":"https:\/\/jadem.co\/en\/wp-json\/wp\/v2\/product\/28537","targetHints":{"allow":["GET"]}}],"collection":[{"href":"https:\/\/jadem.co\/en\/wp-json\/wp\/v2\/product"}],"about":[{"href":"https:\/\/jadem.co\/en\/wp-json\/wp\/v2\/types\/product"}],"version-history":[{"count":1,"href":"https:\/\/jadem.co\/en\/wp-json\/wp\/v2\/product\/28537\/revisions"}],"predecessor-version":[{"id":28544,"href":"https:\/\/jadem.co\/en\/wp-json\/wp\/v2\/product\/28537\/revisions\/28544"}],"wp:featuredmedia":[{"embeddable":true,"href":"https:\/\/jadem.co\/en\/wp-json\/wp\/v2\/media\/28540"}],"wp:attachment":[{"href":"https:\/\/jadem.co\/en\/wp-json\/wp\/v2\/media?parent=28537"}],"wp:term":[{"taxonomy":"product_brand","embeddable":true,"href":"https:\/\/jadem.co\/en\/wp-json\/wp\/v2\/product_brand?post=28537"},{"taxonomy":"product_cat","embeddable":true,"href":"https:\/\/jadem.co\/en\/wp-json\/wp\/v2\/product_cat?post=28537"},{"taxonomy":"product_tag","embeddable":true,"href":"https:\/\/jadem.co\/en\/wp-json\/wp\/v2\/product_tag?post=28537"}],"curies":[{"name":"wp","href":"https:\/\/api.w.org\/{rel}","templated":true}]}}