{"id":28550,"date":"2025-06-30T12:20:44","date_gmt":"2025-06-30T12:20:44","guid":{"rendered":"https:\/\/jadem.co\/?post_type=product&#038;p=28550"},"modified":"2025-06-30T12:20:44","modified_gmt":"2025-06-30T12:20:44","slug":"perseus","status":"publish","type":"product","link":"https:\/\/jadem.co\/en\/product\/perseus\/","title":{"rendered":"Perseus"},"content":{"rendered":"<p>Kuma\u015f\u0131 d\u00fc\u015f\u00fck likral\u0131d\u0131r s\u0131rttan ba\u011flamal\u0131 boyundan d\u00fc\u011fmeli mini elbise<\/p>","protected":false},"excerpt":{"rendered":"<p>Kuma\u015f\u0131 d\u00fc\u015f\u00fck likral\u0131d\u0131r s\u0131rttan ba\u011flamal\u0131 boyundan d\u00fc\u011fmeli mini elbise<\/p>","protected":false},"featured_media":28552,"template":"","meta":[],"product_brand":[105],"product_cat":[107],"product_tag":[],"class_list":{"0":"post-28550","1":"product","2":"type-product","3":"status-publish","4":"has-post-thumbnail","6":"product_brand-you-are-a-star-s23","7":"product_cat-s-23-you-are-a-star-2","9":"first","10":"outofstock","11":"taxable","12":"shipping-taxable","13":"purchasable","14":"product-type-variable"},"_links":{"self":[{"href":"https:\/\/jadem.co\/en\/wp-json\/wp\/v2\/product\/28550","targetHints":{"allow":["GET"]}}],"collection":[{"href":"https:\/\/jadem.co\/en\/wp-json\/wp\/v2\/product"}],"about":[{"href":"https:\/\/jadem.co\/en\/wp-json\/wp\/v2\/types\/product"}],"version-history":[{"count":1,"href":"https:\/\/jadem.co\/en\/wp-json\/wp\/v2\/product\/28550\/revisions"}],"predecessor-version":[{"id":28556,"href":"https:\/\/jadem.co\/en\/wp-json\/wp\/v2\/product\/28550\/revisions\/28556"}],"wp:featuredmedia":[{"embeddable":true,"href":"https:\/\/jadem.co\/en\/wp-json\/wp\/v2\/media\/28552"}],"wp:attachment":[{"href":"https:\/\/jadem.co\/en\/wp-json\/wp\/v2\/media?parent=28550"}],"wp:term":[{"taxonomy":"product_brand","embeddable":true,"href":"https:\/\/jadem.co\/en\/wp-json\/wp\/v2\/product_brand?post=28550"},{"taxonomy":"product_cat","embeddable":true,"href":"https:\/\/jadem.co\/en\/wp-json\/wp\/v2\/product_cat?post=28550"},{"taxonomy":"product_tag","embeddable":true,"href":"https:\/\/jadem.co\/en\/wp-json\/wp\/v2\/product_tag?post=28550"}],"curies":[{"name":"wp","href":"https:\/\/api.w.org\/{rel}","templated":true}]}}