{"id":28557,"date":"2025-06-30T12:27:01","date_gmt":"2025-06-30T12:27:01","guid":{"rendered":"https:\/\/jadem.co\/?post_type=product&#038;p=28557"},"modified":"2025-06-30T12:27:01","modified_gmt":"2025-06-30T12:27:01","slug":"sirius","status":"publish","type":"product","link":"https:\/\/jadem.co\/en\/product\/sirius\/","title":{"rendered":"Sirius"},"content":{"rendered":"<p>Arkadan etek k\u0131sm\u0131 fermuarl\u0131 u\u00e7lar\u0131 f\u0131rf\u0131rl\u0131 boyundan ge\u00e7irmeli elbise<\/p>","protected":false},"excerpt":{"rendered":"<p>Arkadan etek k\u0131sm\u0131 fermuarl\u0131 u\u00e7lar\u0131 f\u0131rf\u0131rl\u0131 boyundan ge\u00e7irmeli elbise<\/p>","protected":false},"featured_media":28559,"template":"","meta":[],"product_brand":[105],"product_cat":[107],"product_tag":[],"class_list":{"0":"post-28557","1":"product","2":"type-product","3":"status-publish","4":"has-post-thumbnail","6":"product_brand-you-are-a-star-s23","7":"product_cat-s-23-you-are-a-star-2","9":"first","10":"outofstock","11":"taxable","12":"shipping-taxable","13":"purchasable","14":"product-type-variable"},"_links":{"self":[{"href":"https:\/\/jadem.co\/en\/wp-json\/wp\/v2\/product\/28557","targetHints":{"allow":["GET"]}}],"collection":[{"href":"https:\/\/jadem.co\/en\/wp-json\/wp\/v2\/product"}],"about":[{"href":"https:\/\/jadem.co\/en\/wp-json\/wp\/v2\/types\/product"}],"version-history":[{"count":1,"href":"https:\/\/jadem.co\/en\/wp-json\/wp\/v2\/product\/28557\/revisions"}],"predecessor-version":[{"id":28563,"href":"https:\/\/jadem.co\/en\/wp-json\/wp\/v2\/product\/28557\/revisions\/28563"}],"wp:featuredmedia":[{"embeddable":true,"href":"https:\/\/jadem.co\/en\/wp-json\/wp\/v2\/media\/28559"}],"wp:attachment":[{"href":"https:\/\/jadem.co\/en\/wp-json\/wp\/v2\/media?parent=28557"}],"wp:term":[{"taxonomy":"product_brand","embeddable":true,"href":"https:\/\/jadem.co\/en\/wp-json\/wp\/v2\/product_brand?post=28557"},{"taxonomy":"product_cat","embeddable":true,"href":"https:\/\/jadem.co\/en\/wp-json\/wp\/v2\/product_cat?post=28557"},{"taxonomy":"product_tag","embeddable":true,"href":"https:\/\/jadem.co\/en\/wp-json\/wp\/v2\/product_tag?post=28557"}],"curies":[{"name":"wp","href":"https:\/\/api.w.org\/{rel}","templated":true}]}}